{"id":2313,"date":"2014-01-17T13:31:46","date_gmt":"2014-01-17T13:31:46","guid":{"rendered":"http:\/\/theme-sphere.com\/smart-mag\/?page_id=1755"},"modified":"2023-06-27T09:42:58","modified_gmt":"2023-06-27T07:42:58","slug":"main-home-full-width","status":"publish","type":"page","link":"https:\/\/www.fourniresto.com\/blog\/","title":{"rendered":"Main Home Full Width"},"content":{"rendered":"","protected":false},"excerpt":{"rendered":"","protected":false},"author":2,"featured_media":0,"parent":0,"menu_order":0,"comment_status":"open","ping_status":"open","template":"","meta":{"content-type":"","_uag_custom_page_level_css":""},"yoast_head":"<!-- This site is optimized with the Yoast SEO plugin v19.13 - https:\/\/yoast.com\/wordpress\/plugins\/seo\/ -->\n<title>Id\u00e9es culinaires et inspiration : explorez le blog FourniResto<\/title>\n<meta name=\"description\" content=\"Restez \u00e0 l&#039;\u00e9coute des derniers articles de blog sur la restauration professionnelle avec FourniResto. Lisez notre blog et obtenez des informations d\u00e9taill\u00e9es.\" \/>\n<meta name=\"robots\" content=\"index, follow, max-snippet:-1, max-image-preview:large, max-video-preview:-1\" \/>\n<link rel=\"canonical\" href=\"https:\/\/www.fourniresto.com\/blog\/\" \/>\n<meta property=\"og:locale\" content=\"fr_FR\" \/>\n<meta property=\"og:type\" content=\"article\" \/>\n<meta property=\"og:title\" content=\"Id\u00e9es culinaires et inspiration : explorez le blog FourniResto\" \/>\n<meta property=\"og:description\" content=\"Restez \u00e0 l&#039;\u00e9coute des derniers articles de blog sur la restauration professionnelle avec FourniResto. Lisez notre blog et obtenez des informations d\u00e9taill\u00e9es.\" \/>\n<meta property=\"og:url\" content=\"https:\/\/www.fourniresto.com\/blog\/\" \/>\n<meta property=\"og:site_name\" content=\"Le Blog FourniResto\" \/>\n<meta property=\"article:modified_time\" content=\"2023-06-27T07:42:58+00:00\" \/>\n<meta name=\"twitter:card\" content=\"summary_large_image\" \/>\n<script type=\"application\/ld+json\" class=\"yoast-schema-graph\">{\"@context\":\"https:\/\/schema.org\",\"@graph\":[{\"@type\":\"WebPage\",\"@id\":\"https:\/\/www.fourniresto.com\/blog\/\",\"url\":\"https:\/\/www.fourniresto.com\/blog\/\",\"name\":\"Id\u00e9es culinaires et inspiration : explorez le blog FourniResto\",\"isPartOf\":{\"@id\":\"https:\/\/www.fourniresto.com\/blog\/#website\"},\"datePublished\":\"2014-01-17T13:31:46+00:00\",\"dateModified\":\"2023-06-27T07:42:58+00:00\",\"description\":\"Restez \u00e0 l'\u00e9coute des derniers articles de blog sur la restauration professionnelle avec FourniResto. Lisez notre blog et obtenez des informations d\u00e9taill\u00e9es.\",\"breadcrumb\":{\"@id\":\"https:\/\/www.fourniresto.com\/blog\/#breadcrumb\"},\"inLanguage\":\"fr-FR\",\"potentialAction\":[{\"@type\":\"ReadAction\",\"target\":[\"https:\/\/www.fourniresto.com\/blog\/\"]}]},{\"@type\":\"BreadcrumbList\",\"@id\":\"https:\/\/www.fourniresto.com\/blog\/#breadcrumb\",\"itemListElement\":[{\"@type\":\"ListItem\",\"position\":1,\"name\":\"Accueil\",\"item\":\"https:\/\/www.fourniresto.com\/blog\/\"},{\"@type\":\"ListItem\",\"position\":2,\"name\":\"Main Home Full Width\"}]},{\"@type\":\"WebSite\",\"@id\":\"https:\/\/www.fourniresto.com\/blog\/#website\",\"url\":\"https:\/\/www.fourniresto.com\/blog\/\",\"name\":\"Le Blog FourniResto\",\"description\":\"Conseils et actualit\u00e9s sur la Restauration Professionnelle\",\"potentialAction\":[{\"@type\":\"SearchAction\",\"target\":{\"@type\":\"EntryPoint\",\"urlTemplate\":\"https:\/\/www.fourniresto.com\/blog\/?s={search_term_string}\"},\"query-input\":\"required name=search_term_string\"}],\"inLanguage\":\"fr-FR\"}]}<\/script>\n<!-- \/ Yoast SEO plugin. -->","yoast_head_json":{"title":"Id\u00e9es culinaires et inspiration : explorez le blog FourniResto","description":"Restez \u00e0 l'\u00e9coute des derniers articles de blog sur la restauration professionnelle avec FourniResto. Lisez notre blog et obtenez des informations d\u00e9taill\u00e9es.","robots":{"index":"index","follow":"follow","max-snippet":"max-snippet:-1","max-image-preview":"max-image-preview:large","max-video-preview":"max-video-preview:-1"},"canonical":"https:\/\/www.fourniresto.com\/blog\/","og_locale":"fr_FR","og_type":"article","og_title":"Id\u00e9es culinaires et inspiration : explorez le blog FourniResto","og_description":"Restez \u00e0 l'\u00e9coute des derniers articles de blog sur la restauration professionnelle avec FourniResto. Lisez notre blog et obtenez des informations d\u00e9taill\u00e9es.","og_url":"https:\/\/www.fourniresto.com\/blog\/","og_site_name":"Le Blog FourniResto","article_modified_time":"2023-06-27T07:42:58+00:00","twitter_card":"summary_large_image","schema":{"@context":"https:\/\/schema.org","@graph":[{"@type":"WebPage","@id":"https:\/\/www.fourniresto.com\/blog\/","url":"https:\/\/www.fourniresto.com\/blog\/","name":"Id\u00e9es culinaires et inspiration : explorez le blog FourniResto","isPartOf":{"@id":"https:\/\/www.fourniresto.com\/blog\/#website"},"datePublished":"2014-01-17T13:31:46+00:00","dateModified":"2023-06-27T07:42:58+00:00","description":"Restez \u00e0 l'\u00e9coute des derniers articles de blog sur la restauration professionnelle avec FourniResto. Lisez notre blog et obtenez des informations d\u00e9taill\u00e9es.","breadcrumb":{"@id":"https:\/\/www.fourniresto.com\/blog\/#breadcrumb"},"inLanguage":"fr-FR","potentialAction":[{"@type":"ReadAction","target":["https:\/\/www.fourniresto.com\/blog\/"]}]},{"@type":"BreadcrumbList","@id":"https:\/\/www.fourniresto.com\/blog\/#breadcrumb","itemListElement":[{"@type":"ListItem","position":1,"name":"Accueil","item":"https:\/\/www.fourniresto.com\/blog\/"},{"@type":"ListItem","position":2,"name":"Main Home Full Width"}]},{"@type":"WebSite","@id":"https:\/\/www.fourniresto.com\/blog\/#website","url":"https:\/\/www.fourniresto.com\/blog\/","name":"Le Blog FourniResto","description":"Conseils et actualit\u00e9s sur la Restauration Professionnelle","potentialAction":[{"@type":"SearchAction","target":{"@type":"EntryPoint","urlTemplate":"https:\/\/www.fourniresto.com\/blog\/?s={search_term_string}"},"query-input":"required name=search_term_string"}],"inLanguage":"fr-FR"}]}},"uagb_featured_image_src":{"full":false,"thumbnail":false,"medium":false,"medium_large":false,"large":false,"1536x1536":false,"2048x2048":false,"ms_image_size_300":false,"post-thumbnail":false,"especio-thumb-huge":false,"especio-thumb-big":false,"especio-thumb-med":false,"especio-thumb-tiny":false,"especio-thumb-masonry-big":false,"especio-thumb-masonry":false,"especio-thumb-extra":false,"especio-thumb-square":false,"especio-thumb-plain":false,"especio-thumb-list":false,"trx_addons-thumb-small":false,"trx_addons-thumb-portrait":false,"trx_addons-thumb-avatar":false},"uagb_author_info":{"display_name":"FourniResto","author_link":"https:\/\/www.fourniresto.com\/blog\/author\/fourniresto\/"},"uagb_comment_info":10,"uagb_excerpt":null,"_links":{"self":[{"href":"https:\/\/www.fourniresto.com\/blog\/wp-json\/wp\/v2\/pages\/2313"}],"collection":[{"href":"https:\/\/www.fourniresto.com\/blog\/wp-json\/wp\/v2\/pages"}],"about":[{"href":"https:\/\/www.fourniresto.com\/blog\/wp-json\/wp\/v2\/types\/page"}],"author":[{"embeddable":true,"href":"https:\/\/www.fourniresto.com\/blog\/wp-json\/wp\/v2\/users\/2"}],"replies":[{"embeddable":true,"href":"https:\/\/www.fourniresto.com\/blog\/wp-json\/wp\/v2\/comments?post=2313"}],"version-history":[{"count":7,"href":"https:\/\/www.fourniresto.com\/blog\/wp-json\/wp\/v2\/pages\/2313\/revisions"}],"predecessor-version":[{"id":15860,"href":"https:\/\/www.fourniresto.com\/blog\/wp-json\/wp\/v2\/pages\/2313\/revisions\/15860"}],"wp:attachment":[{"href":"https:\/\/www.fourniresto.com\/blog\/wp-json\/wp\/v2\/media?parent=2313"}],"curies":[{"name":"wp","href":"https:\/\/api.w.org\/{rel}","templated":true}]}}