{"id":14358,"date":"2022-02-21T16:20:35","date_gmt":"2022-02-21T15:20:35","guid":{"rendered":"https:\/\/www.fourniresto.com\/blog\/?page_id=14358"},"modified":"2022-03-15T15:42:42","modified_gmt":"2022-03-15T14:42:42","slug":"nos-redacteurs","status":"publish","type":"page","link":"https:\/\/www.fourniresto.com\/blog\/nos-redacteurs\/","title":{"rendered":"Nos r\u00e9dacteurs"},"content":{"rendered":"\n<div class=\"wp-block-image\"><figure class=\"aligncenter size-full\"><a href=\"https:\/\/www.fourniresto.com\/blog\/wp-content\/uploads\/2022\/02\/Nos-re\u0301dacteurs.jpg\"><img loading=\"lazy\" width=\"702\" height=\"336\" src=\"https:\/\/www.fourniresto.com\/blog\/wp-content\/uploads\/2022\/02\/Nos-re\u0301dacteurs.jpg\" alt=\"Personne r\u00e9digeant sur un carnet devant un ordinateur\" class=\"wp-image-14367\" srcset=\"https:\/\/www.fourniresto.com\/blog\/wp-content\/uploads\/2022\/02\/Nos-re\u0301dacteurs.jpg 702w, https:\/\/www.fourniresto.com\/blog\/wp-content\/uploads\/2022\/02\/Nos-re\u0301dacteurs-300x144.jpg 300w, https:\/\/www.fourniresto.com\/blog\/wp-content\/uploads\/2022\/02\/Nos-re\u0301dacteurs-370x177.jpg 370w\" sizes=\"(max-width: 702px) 100vw, 702px\" \/><\/a><\/figure><\/div>\n\n\n\n<h2 id=\"doriane\"><strong>Doriane<\/strong><\/h2>\n\n\n\n<div class=\"wp-block-image\"><figure class=\"alignleft is-resized\"><img loading=\"lazy\" src=\"https:\/\/www.fourniresto.com\/blog\/wp-content\/uploads\/2022\/03\/Doriane.jpg\" alt=\"Personne devant un ordinateur en train d'\u00e9crire sur son cahier\" class=\"wp-image-15870\" width=\"316\" height=\"316\" srcset=\"https:\/\/www.fourniresto.com\/blog\/wp-content\/uploads\/2022\/03\/Doriane.jpg 400w, https:\/\/www.fourniresto.com\/blog\/wp-content\/uploads\/2022\/03\/Doriane-300x300.jpg 300w, https:\/\/www.fourniresto.com\/blog\/wp-content\/uploads\/2022\/03\/Doriane-150x150.jpg 150w, https:\/\/www.fourniresto.com\/blog\/wp-content\/uploads\/2022\/03\/Doriane-370x370.jpg 370w, https:\/\/www.fourniresto.com\/blog\/wp-content\/uploads\/2022\/03\/Doriane-135x135.jpg 135w\" sizes=\"(max-width: 316px) 100vw, 316px\" \/><\/figure><\/div>\n\n\n\n<p><\/p>\n\n\n\n<p>Passionn\u00e9e de lecture et d&#8217;\u00e9criture, j&#8217;ai plaisir \u00e0 mettre \u00e0 profit mes comp\u00e9tences et app\u00e9tences au service du blog FourniResto. R\u00e9guli\u00e8rement, je vous fais d\u00e9couvrir de nouveaux restaurants comptant parmi nos clients fid\u00e8les. Ces adresses ne manquent pas de mettre l&#8217;eau \u00e0 la bouche \u00e0 la grande mordue de cuisine que je suis. Tr\u00e8s rigoureuse et particuli\u00e8rement int\u00e9ress\u00e9e par l&#8217;actualit\u00e9, je me charge \u00e9galement de vous \u00e9clairer sur les lois et normes en vigueur dans le secteur de la restauration.<\/p>\n\n\n\n<p><\/p>\n\n\n\n<div style=\"height:16px\" aria-hidden=\"true\" class=\"wp-block-spacer\"><\/div>\n\n\n\n<h2 id=\"mathieu\"><strong><strong>Mathieu<\/strong><\/strong><\/h2>\n\n\n\n<div class=\"wp-block-image is-style-default\"><figure class=\"alignleft size-full is-resized\"><a href=\"https:\/\/www.fourniresto.com\/blog\/wp-content\/uploads\/2022\/03\/Mathieu.jpg\"><img loading=\"lazy\" src=\"https:\/\/www.fourniresto.com\/blog\/wp-content\/uploads\/2022\/03\/Mathieu.jpg\" alt=\"Personne \u00e9crivant sur un clavier\" class=\"wp-image-15871\" width=\"316\" height=\"316\" srcset=\"https:\/\/www.fourniresto.com\/blog\/wp-content\/uploads\/2022\/03\/Mathieu.jpg 400w, https:\/\/www.fourniresto.com\/blog\/wp-content\/uploads\/2022\/03\/Mathieu-300x300.jpg 300w, https:\/\/www.fourniresto.com\/blog\/wp-content\/uploads\/2022\/03\/Mathieu-150x150.jpg 150w, https:\/\/www.fourniresto.com\/blog\/wp-content\/uploads\/2022\/03\/Mathieu-370x370.jpg 370w, https:\/\/www.fourniresto.com\/blog\/wp-content\/uploads\/2022\/03\/Mathieu-135x135.jpg 135w\" sizes=\"(max-width: 316px) 100vw, 316px\" \/><\/a><\/figure><\/div>\n\n\n\n<p>La cuisine n&#8217;a pas toujours \u00e9t\u00e9 ma passion mais elle l&#8217;est tr\u00e8s vite devenue lorsque j&#8217;ai commenc\u00e9 \u00e0 m&#8217;y int\u00e9resser. J&#8217;ai donc d\u00e9cid\u00e9 de la combiner \u00e0 mon autre passion : le digital. Aujourd&#8217;hui, je r\u00e9dige des articles pour ce blog, notamment en ce qui concerne les infos pratiques \u00e0 tout professionnel ou amateur de la restauration.<\/p>\n\n\n\n<p><\/p>\n\n\n\n<p><\/p>\n\n\n\n<p><\/p>\n\n\n\n<p><\/p>\n\n\n\n<div style=\"height:16px\" aria-hidden=\"true\" class=\"wp-block-spacer\"><\/div>\n\n\n\n<h2 id=\"yohann\"><strong>Yohann<\/strong><\/h2>\n\n\n\n<div class=\"wp-block-image is-style-default\"><figure class=\"alignleft size-full is-resized\"><a href=\"https:\/\/www.fourniresto.com\/blog\/wp-content\/uploads\/2022\/03\/Yohann.jpg\"><img loading=\"lazy\" src=\"https:\/\/www.fourniresto.com\/blog\/wp-content\/uploads\/2022\/03\/Yohann.jpg\" alt=\"Personne tapant sur un clavier\" class=\"wp-image-15869\" width=\"316\" height=\"316\" srcset=\"https:\/\/www.fourniresto.com\/blog\/wp-content\/uploads\/2022\/03\/Yohann.jpg 400w, https:\/\/www.fourniresto.com\/blog\/wp-content\/uploads\/2022\/03\/Yohann-300x300.jpg 300w, https:\/\/www.fourniresto.com\/blog\/wp-content\/uploads\/2022\/03\/Yohann-150x150.jpg 150w, https:\/\/www.fourniresto.com\/blog\/wp-content\/uploads\/2022\/03\/Yohann-370x370.jpg 370w, https:\/\/www.fourniresto.com\/blog\/wp-content\/uploads\/2022\/03\/Yohann-135x135.jpg 135w\" sizes=\"(max-width: 316px) 100vw, 316px\" \/><\/a><\/figure><\/div>\n\n\n\n<p>Depuis quelques mois maintenant, je r\u00e9dige des articles pour ce blog. Les questions environnementales et \u00e9cologiques me touchent particuli\u00e8rement, c&#8217;est pourquoi j&#8217;ai \u00e0 c\u0153ur de partager mes connaissances \u00e0 ce sujet afin de sensibiliser au maximum le public. Je suis \u00e9galement charg\u00e9 de r\u00e9diger les articles dits &#8220;techniques&#8221; pour le blog FourniResto.com.<\/p>\n\n\n\n<p><\/p>\n","protected":false},"excerpt":{"rendered":"<p>Doriane Passionn\u00e9e de lecture et d&#8217;\u00e9criture, j&#8217;ai plaisir \u00e0 mettre \u00e0 profit mes comp\u00e9tences et app\u00e9tences au service du blog FourniResto. R\u00e9guli\u00e8rement, je vous fais d\u00e9couvrir de nouveaux restaurants comptant&hellip;<\/p>\n","protected":false},"author":2,"featured_media":14367,"parent":0,"menu_order":0,"comment_status":"closed","ping_status":"closed","template":"","meta":{"content-type":"","_uag_custom_page_level_css":""},"yoast_head":"<!-- This site is optimized with the Yoast SEO plugin v19.13 - https:\/\/yoast.com\/wordpress\/plugins\/seo\/ -->\n<title>Nos r\u00e9dacteurs - Le Blog FourniResto<\/title>\n<meta name=\"robots\" content=\"index, follow, max-snippet:-1, max-image-preview:large, max-video-preview:-1\" \/>\n<link rel=\"canonical\" href=\"https:\/\/www.fourniresto.com\/blog\/nos-redacteurs\/\" \/>\n<meta property=\"og:locale\" content=\"fr_FR\" \/>\n<meta property=\"og:type\" content=\"article\" \/>\n<meta property=\"og:title\" content=\"Nos r\u00e9dacteurs - Le Blog FourniResto\" \/>\n<meta property=\"og:description\" content=\"Doriane Passionn\u00e9e de lecture et d&#8217;\u00e9criture, j&#8217;ai plaisir \u00e0 mettre \u00e0 profit mes comp\u00e9tences et app\u00e9tences au service du blog FourniResto. R\u00e9guli\u00e8rement, je vous fais d\u00e9couvrir de nouveaux restaurants comptant&hellip;\" \/>\n<meta property=\"og:url\" content=\"https:\/\/www.fourniresto.com\/blog\/nos-redacteurs\/\" \/>\n<meta property=\"og:site_name\" content=\"Le Blog FourniResto\" \/>\n<meta property=\"article:modified_time\" content=\"2022-03-15T14:42:42+00:00\" \/>\n<meta property=\"og:image\" content=\"https:\/\/www.fourniresto.com\/blog\/wp-content\/uploads\/2022\/02\/Nos-re\u0301dacteurs.jpg\" \/>\n\t<meta property=\"og:image:width\" content=\"702\" \/>\n\t<meta property=\"og:image:height\" content=\"336\" \/>\n\t<meta property=\"og:image:type\" content=\"image\/jpeg\" \/>\n<meta name=\"twitter:card\" content=\"summary_large_image\" \/>\n<meta name=\"twitter:label1\" content=\"Dur\u00e9e de lecture estim\u00e9e\" \/>\n\t<meta name=\"twitter:data1\" content=\"1 minute\" \/>\n<script type=\"application\/ld+json\" class=\"yoast-schema-graph\">{\"@context\":\"https:\/\/schema.org\",\"@graph\":[{\"@type\":\"WebPage\",\"@id\":\"https:\/\/www.fourniresto.com\/blog\/nos-redacteurs\/\",\"url\":\"https:\/\/www.fourniresto.com\/blog\/nos-redacteurs\/\",\"name\":\"Nos r\u00e9dacteurs - Le Blog FourniResto\",\"isPartOf\":{\"@id\":\"https:\/\/www.fourniresto.com\/blog\/#website\"},\"datePublished\":\"2022-02-21T15:20:35+00:00\",\"dateModified\":\"2022-03-15T14:42:42+00:00\",\"breadcrumb\":{\"@id\":\"https:\/\/www.fourniresto.com\/blog\/nos-redacteurs\/#breadcrumb\"},\"inLanguage\":\"fr-FR\",\"potentialAction\":[{\"@type\":\"ReadAction\",\"target\":[\"https:\/\/www.fourniresto.com\/blog\/nos-redacteurs\/\"]}]},{\"@type\":\"BreadcrumbList\",\"@id\":\"https:\/\/www.fourniresto.com\/blog\/nos-redacteurs\/#breadcrumb\",\"itemListElement\":[{\"@type\":\"ListItem\",\"position\":1,\"name\":\"Accueil\",\"item\":\"https:\/\/www.fourniresto.com\/blog\/\"},{\"@type\":\"ListItem\",\"position\":2,\"name\":\"Nos r\u00e9dacteurs\"}]},{\"@type\":\"WebSite\",\"@id\":\"https:\/\/www.fourniresto.com\/blog\/#website\",\"url\":\"https:\/\/www.fourniresto.com\/blog\/\",\"name\":\"Le Blog FourniResto\",\"description\":\"Conseils et actualit\u00e9s sur la Restauration Professionnelle\",\"potentialAction\":[{\"@type\":\"SearchAction\",\"target\":{\"@type\":\"EntryPoint\",\"urlTemplate\":\"https:\/\/www.fourniresto.com\/blog\/?s={search_term_string}\"},\"query-input\":\"required name=search_term_string\"}],\"inLanguage\":\"fr-FR\"}]}<\/script>\n<!-- \/ Yoast SEO plugin. -->","yoast_head_json":{"title":"Nos r\u00e9dacteurs - Le Blog FourniResto","robots":{"index":"index","follow":"follow","max-snippet":"max-snippet:-1","max-image-preview":"max-image-preview:large","max-video-preview":"max-video-preview:-1"},"canonical":"https:\/\/www.fourniresto.com\/blog\/nos-redacteurs\/","og_locale":"fr_FR","og_type":"article","og_title":"Nos r\u00e9dacteurs - Le Blog FourniResto","og_description":"Doriane Passionn\u00e9e de lecture et d&#8217;\u00e9criture, j&#8217;ai plaisir \u00e0 mettre \u00e0 profit mes comp\u00e9tences et app\u00e9tences au service du blog FourniResto. R\u00e9guli\u00e8rement, je vous fais d\u00e9couvrir de nouveaux restaurants comptant&hellip;","og_url":"https:\/\/www.fourniresto.com\/blog\/nos-redacteurs\/","og_site_name":"Le Blog FourniResto","article_modified_time":"2022-03-15T14:42:42+00:00","og_image":[{"width":702,"height":336,"url":"https:\/\/www.fourniresto.com\/blog\/wp-content\/uploads\/2022\/02\/Nos-re\u0301dacteurs.jpg","type":"image\/jpeg"}],"twitter_card":"summary_large_image","twitter_misc":{"Dur\u00e9e de lecture estim\u00e9e":"1 minute"},"schema":{"@context":"https:\/\/schema.org","@graph":[{"@type":"WebPage","@id":"https:\/\/www.fourniresto.com\/blog\/nos-redacteurs\/","url":"https:\/\/www.fourniresto.com\/blog\/nos-redacteurs\/","name":"Nos r\u00e9dacteurs - Le Blog FourniResto","isPartOf":{"@id":"https:\/\/www.fourniresto.com\/blog\/#website"},"datePublished":"2022-02-21T15:20:35+00:00","dateModified":"2022-03-15T14:42:42+00:00","breadcrumb":{"@id":"https:\/\/www.fourniresto.com\/blog\/nos-redacteurs\/#breadcrumb"},"inLanguage":"fr-FR","potentialAction":[{"@type":"ReadAction","target":["https:\/\/www.fourniresto.com\/blog\/nos-redacteurs\/"]}]},{"@type":"BreadcrumbList","@id":"https:\/\/www.fourniresto.com\/blog\/nos-redacteurs\/#breadcrumb","itemListElement":[{"@type":"ListItem","position":1,"name":"Accueil","item":"https:\/\/www.fourniresto.com\/blog\/"},{"@type":"ListItem","position":2,"name":"Nos r\u00e9dacteurs"}]},{"@type":"WebSite","@id":"https:\/\/www.fourniresto.com\/blog\/#website","url":"https:\/\/www.fourniresto.com\/blog\/","name":"Le Blog FourniResto","description":"Conseils et actualit\u00e9s sur la Restauration Professionnelle","potentialAction":[{"@type":"SearchAction","target":{"@type":"EntryPoint","urlTemplate":"https:\/\/www.fourniresto.com\/blog\/?s={search_term_string}"},"query-input":"required name=search_term_string"}],"inLanguage":"fr-FR"}]}},"uagb_featured_image_src":{"full":["https:\/\/www.fourniresto.com\/blog\/wp-content\/uploads\/2022\/02\/Nos-re\u0301dacteurs.jpg",702,336,false],"thumbnail":["https:\/\/www.fourniresto.com\/blog\/wp-content\/uploads\/2022\/02\/Nos-re\u0301dacteurs-150x150.jpg",150,150,true],"medium":["https:\/\/www.fourniresto.com\/blog\/wp-content\/uploads\/2022\/02\/Nos-re\u0301dacteurs-300x144.jpg",300,144,true],"medium_large":["https:\/\/www.fourniresto.com\/blog\/wp-content\/uploads\/2022\/02\/Nos-re\u0301dacteurs.jpg",702,336,false],"large":["https:\/\/www.fourniresto.com\/blog\/wp-content\/uploads\/2022\/02\/Nos-re\u0301dacteurs.jpg",702,336,false],"1536x1536":["https:\/\/www.fourniresto.com\/blog\/wp-content\/uploads\/2022\/02\/Nos-re\u0301dacteurs.jpg",702,336,false],"2048x2048":["https:\/\/www.fourniresto.com\/blog\/wp-content\/uploads\/2022\/02\/Nos-re\u0301dacteurs.jpg",702,336,false],"ms_image_size_300":["https:\/\/www.fourniresto.com\/blog\/wp-content\/uploads\/2022\/02\/Nos-re\u0301dacteurs-300x200.jpg",300,200,true],"post-thumbnail":["https:\/\/www.fourniresto.com\/blog\/wp-content\/uploads\/2022\/02\/Nos-re\u0301dacteurs-370x177.jpg",370,177,true],"especio-thumb-huge":["https:\/\/www.fourniresto.com\/blog\/wp-content\/uploads\/2022\/02\/Nos-re\u0301dacteurs.jpg",702,336,false],"especio-thumb-big":["https:\/\/www.fourniresto.com\/blog\/wp-content\/uploads\/2022\/02\/Nos-re\u0301dacteurs.jpg",702,336,false],"especio-thumb-med":["https:\/\/www.fourniresto.com\/blog\/wp-content\/uploads\/2022\/02\/Nos-re\u0301dacteurs-370x208.jpg",370,208,true],"especio-thumb-tiny":["https:\/\/www.fourniresto.com\/blog\/wp-content\/uploads\/2022\/02\/Nos-re\u0301dacteurs-135x135.jpg",135,135,true],"especio-thumb-masonry-big":["https:\/\/www.fourniresto.com\/blog\/wp-content\/uploads\/2022\/02\/Nos-re\u0301dacteurs.jpg",702,336,false],"especio-thumb-masonry":["https:\/\/www.fourniresto.com\/blog\/wp-content\/uploads\/2022\/02\/Nos-re\u0301dacteurs-370x177.jpg",370,177,true],"especio-thumb-extra":["https:\/\/www.fourniresto.com\/blog\/wp-content\/uploads\/2022\/02\/Nos-re\u0301dacteurs-570x336.jpg",570,336,true],"especio-thumb-square":["https:\/\/www.fourniresto.com\/blog\/wp-content\/uploads\/2022\/02\/Nos-re\u0301dacteurs-270x258.jpg",270,258,true],"especio-thumb-plain":["https:\/\/www.fourniresto.com\/blog\/wp-content\/uploads\/2022\/02\/Nos-re\u0301dacteurs-218x162.jpg",218,162,true],"especio-thumb-list":["https:\/\/www.fourniresto.com\/blog\/wp-content\/uploads\/2022\/02\/Nos-re\u0301dacteurs-370x275.jpg",370,275,true],"trx_addons-thumb-small":["https:\/\/www.fourniresto.com\/blog\/wp-content\/uploads\/2022\/02\/Nos-re\u0301dacteurs-270x152.jpg",270,152,true],"trx_addons-thumb-portrait":["https:\/\/www.fourniresto.com\/blog\/wp-content\/uploads\/2022\/02\/Nos-re\u0301dacteurs-370x336.jpg",370,336,true],"trx_addons-thumb-avatar":["https:\/\/www.fourniresto.com\/blog\/wp-content\/uploads\/2022\/02\/Nos-re\u0301dacteurs-370x336.jpg",370,336,true]},"uagb_author_info":{"display_name":"FourniResto","author_link":"https:\/\/www.fourniresto.com\/blog\/author\/fourniresto\/"},"uagb_comment_info":0,"uagb_excerpt":"Doriane Passionn\u00e9e de lecture et d&#8217;\u00e9criture, j&#8217;ai plaisir \u00e0 mettre \u00e0 profit mes comp\u00e9tences et app\u00e9tences au service du blog FourniResto. R\u00e9guli\u00e8rement, je vous fais d\u00e9couvrir de nouveaux restaurants comptant&hellip;","_links":{"self":[{"href":"https:\/\/www.fourniresto.com\/blog\/wp-json\/wp\/v2\/pages\/14358"}],"collection":[{"href":"https:\/\/www.fourniresto.com\/blog\/wp-json\/wp\/v2\/pages"}],"about":[{"href":"https:\/\/www.fourniresto.com\/blog\/wp-json\/wp\/v2\/types\/page"}],"author":[{"embeddable":true,"href":"https:\/\/www.fourniresto.com\/blog\/wp-json\/wp\/v2\/users\/2"}],"replies":[{"embeddable":true,"href":"https:\/\/www.fourniresto.com\/blog\/wp-json\/wp\/v2\/comments?post=14358"}],"version-history":[{"count":13,"href":"https:\/\/www.fourniresto.com\/blog\/wp-json\/wp\/v2\/pages\/14358\/revisions"}],"predecessor-version":[{"id":15880,"href":"https:\/\/www.fourniresto.com\/blog\/wp-json\/wp\/v2\/pages\/14358\/revisions\/15880"}],"wp:featuredmedia":[{"embeddable":true,"href":"https:\/\/www.fourniresto.com\/blog\/wp-json\/wp\/v2\/media\/14367"}],"wp:attachment":[{"href":"https:\/\/www.fourniresto.com\/blog\/wp-json\/wp\/v2\/media?parent=14358"}],"curies":[{"name":"wp","href":"https:\/\/api.w.org\/{rel}","templated":true}]}}